{"id":2,"date":"2020-03-06T17:48:15","date_gmt":"2020-03-06T17:48:15","guid":{"rendered":"https:\/\/adwokaci-ostroleka.pl\/?page_id=2"},"modified":"2026-02-17T20:56:59","modified_gmt":"2026-02-17T20:56:59","slug":"sample-page","status":"publish","type":"page","link":"https:\/\/adwokaci-ostroleka.pl\/sample-page\/","title":{"rendered":"adw. Milena Kleczkowska-Jarnutowska"},"content":{"rendered":"\n<p class=\"has-text-align-center\">Adwokat Milena Kleczkowska-Jarnutowska wpisana jest na list\u0119 adwokat\u00f3w prowadzon\u0105 przez Okr\u0119gow\u0105 Rad\u0119 Adwokack\u0105 w Warszawie. Uko\u0144czy\u0142a studia prawnicze na Uniwersytecie Kardyna\u0142a Stefana Wyszy\u0144skiego w Warszawie. W latach 2004 \u2013 2007 odby\u0142a aplikacj\u0119 prokuratorsk\u0105 w okr\u0119gu Prokuratury Apelacyjnej w Bia\u0142ymstoku. W roku 2007 z\u0142o\u017cy\u0142a egzamin prokuratorski. Nast\u0119pnie prowadzi\u0142a obs\u0142ug\u0119 prawn\u0105 sp\u00f3\u0142ki z ograniczon\u0105 odpowiedzialno\u015bci\u0105 a od 2009 r. pracowa\u0142a jako asystent adwokata w kancelariach adwokackich. <\/p>\n\n\n\n<center><H1> adw. Piotr Jarnutowski <\/H1><\/center>\n\n\n\n<p class=\"has-text-align-center\">Adwokat Piotr Jarnutowski wpisany jest na list\u0119 adwokat\u00f3w prowadzon\u0105 przez Okr\u0119gow\u0105 Rad\u0119 Adwokack\u0105 w Warszawie. Uko\u0144czy\u0142 prawo oraz socjologi\u0119. W latach 2007 \u2013 2011 odby\u0142 aplikacj\u0119 adwokack\u0105 przy Okr\u0119gowej Radzie Adwokackiej w Warszawie. Pracowa\u0142 w warszawskich kancelariach. W roku 2011 z\u0142o\u017cy\u0142 egzamin adwokacki. Od tego roku prowadzi w\u0142asn\u0105 praktyk\u0119 adwokack\u0105 w Ostro\u0142\u0119ce. Od 2021 r. jest r\u00f3wnie\u017c doradc\u0105 restrukturyzacyjnym, prowadz\u0105cym w\u0142asn\u0105 praktyk\u0119.<\/p>\n\n\n\n<p class=\"has-text-align-center\">Zapraszamy do zapoznania si\u0119 z indywidualn\u0105 praktyk\u0105 adwokat\u00f3w prezentowan\u0105 na ich stronach internetowych.<\/p>\n\n\n\n<div class=\"wp-block-columns is-layout-flex wp-container-core-columns-is-layout-9d6595d7 wp-block-columns-is-layout-flex\">\n<div class=\"wp-block-column is-layout-flow wp-block-column-is-layout-flow\"><div class=\"wp-block-image\">\n<figure class=\"aligncenter size-large\"><a href=\"https:\/\/www.adwokatostroleka-mk.pl\"><img loading=\"lazy\" decoding=\"async\" width=\"258\" height=\"258\" src=\"https:\/\/adwokaci-ostroleka.pl\/wp-content\/uploads\/2020\/03\/Logo-z-napisami-258x258-1.png\" alt=\"\" class=\"wp-image-55\" srcset=\"https:\/\/adwokaci-ostroleka.pl\/wp-content\/uploads\/2020\/03\/Logo-z-napisami-258x258-1.png 258w, https:\/\/adwokaci-ostroleka.pl\/wp-content\/uploads\/2020\/03\/Logo-z-napisami-258x258-1-150x150.png 150w\" sizes=\"auto, (max-width: 258px) 100vw, 258px\" \/><\/a><\/figure>\n<\/div><\/div>\n\n\n\n<div class=\"wp-block-column is-layout-flow wp-block-column-is-layout-flow\"><div class=\"wp-block-image\">\n<figure class=\"aligncenter size-large\"><a href=\"https:\/\/www.kancelaria-ostroleka.pl\"><img loading=\"lazy\" decoding=\"async\" width=\"258\" height=\"258\" src=\"https:\/\/adwokaci-ostroleka.pl\/wp-content\/uploads\/2020\/03\/POZIESTKA-WKP-I-KA-258x258-1.png\" alt=\"\" class=\"wp-image-54\" srcset=\"https:\/\/adwokaci-ostroleka.pl\/wp-content\/uploads\/2020\/03\/POZIESTKA-WKP-I-KA-258x258-1.png 258w, https:\/\/adwokaci-ostroleka.pl\/wp-content\/uploads\/2020\/03\/POZIESTKA-WKP-I-KA-258x258-1-150x150.png 150w\" sizes=\"auto, (max-width: 258px) 100vw, 258px\" \/><\/a><\/figure>\n<\/div><\/div>\n<\/div>\n\n\n\n<p><\/p>\n","protected":false},"excerpt":{"rendered":"<p>Adwokat Milena Kleczkowska-Jarnutowska wpisana jest na list\u0119 adwokat\u00f3w prowadzon\u0105 przez Okr\u0119gow\u0105 Rad\u0119 Adwokack\u0105 w Warszawie. Uko\u0144czy\u0142a studia prawnicze na Uniwersytecie Kardyna\u0142a Stefana Wyszy\u0144skiego w Warszawie. W latach 2004 \u2013 2007 odby\u0142a aplikacj\u0119 prokuratorsk\u0105 w okr\u0119gu Prokuratury Apelacyjnej w Bia\u0142ymstoku. W roku 2007 z\u0142o\u017cy\u0142a egzamin prokuratorski. Nast\u0119pnie prowadzi\u0142a obs\u0142ug\u0119 prawn\u0105 sp\u00f3\u0142ki z ograniczon\u0105 odpowiedzialno\u015bci\u0105 a od [&hellip;]<\/p>\n","protected":false},"author":1,"featured_media":0,"parent":0,"menu_order":0,"comment_status":"closed","ping_status":"open","template":"","meta":{"footnotes":""},"class_list":["post-2","page","type-page","status-publish","hentry"],"_links":{"self":[{"href":"https:\/\/adwokaci-ostroleka.pl\/wp-json\/wp\/v2\/pages\/2","targetHints":{"allow":["GET"]}}],"collection":[{"href":"https:\/\/adwokaci-ostroleka.pl\/wp-json\/wp\/v2\/pages"}],"about":[{"href":"https:\/\/adwokaci-ostroleka.pl\/wp-json\/wp\/v2\/types\/page"}],"author":[{"embeddable":true,"href":"https:\/\/adwokaci-ostroleka.pl\/wp-json\/wp\/v2\/users\/1"}],"replies":[{"embeddable":true,"href":"https:\/\/adwokaci-ostroleka.pl\/wp-json\/wp\/v2\/comments?post=2"}],"version-history":[{"count":6,"href":"https:\/\/adwokaci-ostroleka.pl\/wp-json\/wp\/v2\/pages\/2\/revisions"}],"predecessor-version":[{"id":18922,"href":"https:\/\/adwokaci-ostroleka.pl\/wp-json\/wp\/v2\/pages\/2\/revisions\/18922"}],"wp:attachment":[{"href":"https:\/\/adwokaci-ostroleka.pl\/wp-json\/wp\/v2\/media?parent=2"}],"curies":[{"name":"wp","href":"https:\/\/api.w.org\/{rel}","templated":true}]}}