{"id":5,"date":"2020-03-06T16:51:24","date_gmt":"2020-03-06T16:51:24","guid":{"rendered":"https:\/\/adwokaci-ostroleka.pl\/?page_id=5"},"modified":"2026-03-17T06:36:54","modified_gmt":"2026-03-17T06:36:54","slug":"praktyka","status":"publish","type":"page","link":"https:\/\/adwokaci-ostroleka.pl\/praktyka\/","title":{"rendered":"Adwokat Ostro\u0142\u0119ka \u2013 zakres praktyki"},"content":{"rendered":"\n<h2 class=\"wp-block-heading has-text-align-center\"><strong>Kompleksowa pomoc prawna \u2013 adwokat Ostro\u0142\u0119ka<\/strong><\/h2>\n\n\n\n<p class=\"has-text-align-center\">Kancelaria adwokacka w Ostro\u0142\u0119ce \u015bwiadczy kompleksow\u0105 pomoc prawn\u0105 dla os\u00f3b fizycznych oraz przedsi\u0119biorc\u00f3w. Zakres us\u0142ug obejmuje sprawy z zakresu prawa rodzinnego, cywilnego, karnego, gospodarczego oraz administracyjnego.<\/p>\n\n\n\n<p class=\"has-text-align-center\">Adwokat w Ostro\u0142\u0119ce zapewnia wsparcie na ka\u017cdym etapie sprawy \u2013 od analizy prawnej, poprzez sporz\u0105dzanie pism procesowych, a\u017c po reprezentacj\u0119 przed s\u0105dami i organami administracji.<\/p>\n\n\n\n<p class=\"has-text-align-center\">Dzi\u0119ki do\u015bwiadczeniu oraz indywidualnemu podej\u015bciu do ka\u017cdej sprawy mo\u017cliwe jest skuteczne dochodzenie praw i ochrona interes\u00f3w klient\u00f3w.<\/p>\n\n\n\n<div class=\"wp-block-columns is-layout-flex wp-container-core-columns-is-layout-9d6595d7 wp-block-columns-is-layout-flex\">\n<div class=\"wp-block-column is-layout-flow wp-block-column-is-layout-flow\">\n<h2 class=\"wp-block-heading has-text-align-center\">Rozwody &amp; Sprawy Rodzinne<\/h2>\n\n\n\n<p class=\"has-text-align-center\"><br>Sprawy rodzinne nale\u017c\u0105 do najbardziej wymagaj\u0105cych i cz\u0119sto maj\u0105 istotny wp\u0142yw na \u017cycie prywatne stron. <br>Adwokat w Ostro\u0142\u0119ce zapewnia wsparcie w sprawach wymagaj\u0105cych szczeg\u00f3lnej wra\u017cliwo\u015bci oraz ochrony interes\u00f3w rodziny.<\/p>\n\n\n\n<p class=\"has-text-align-center\">Kancelaria \u015bwiadczy pomoc prawn\u0105 w zakresie:<\/p>\n\n\n\n<hr class=\"wp-block-separator has-css-opacity\"\/>\n\n\n\n<p class=\"has-text-align-center\"><a href=\"https:\/\/adwokaci-ostroleka.pl\/rozwody-adwokat-ostroleka\/\" data-type=\"link\" data-id=\"https:\/\/adwokaci-ostroleka.pl\/rozwody-adwokat-ostroleka\/\">Rozwody<\/a><\/p>\n\n\n\n<p class=\"has-text-align-center\"><a href=\"https:\/\/adwokaci-ostroleka.pl\/separacja-adwokat-ostroleka\/\">Separacja<\/a><\/p>\n\n\n\n<p class=\"has-text-align-center\"><a href=\"https:\/\/adwokaci-ostroleka.pl\/uniewaznienie-malzenstwa-adwokat-ostroleka\/\">Uniewa\u017cnienie ma\u0142\u017ce\u0144stwa<\/a><\/p>\n\n\n\n<p class=\"has-text-align-center\"><a href=\"https:\/\/adwokaci-ostroleka.pl\/alimenty-i-zabezpieczenie-potrzeb-rodziny-adwokat-ostroleka\/\">Alimenty i zabezpieczenie potrzeb rodziny<\/a><\/p>\n\n\n\n<p class=\"has-text-align-center\"><a href=\"https:\/\/adwokaci-ostroleka.pl\/rozdzielnosc-majatkowa-oraz-podzial-majatku\/\">Rozdzielno\u015b\u0107 maj\u0105tkowa oraz podzia\u0142 maj\u0105tku<\/a><\/p>\n\n\n\n<p class=\"has-text-align-center\"><a href=\"https:\/\/adwokaci-ostroleka.pl\/podzial-majatku-po-rozwodzie-adwokat-ostroleka\/\">Podzia\u0142 maj\u0105tku po rozwodzie<\/a><\/p>\n\n\n\n<p class=\"has-text-align-center\"><a href=\"https:\/\/adwokaci-ostroleka.pl\/wladza-rodzicielska-miejsce-pobytu-oraz-kontakty-adwokat-ostroleka\/\">W\u0142adza rodzicielska, miejsce pobytu oraz kontakty<\/a><\/p>\n\n\n\n<p class=\"has-text-align-center\"><a href=\"https:\/\/adwokaci-ostroleka.pl\/ustalenie-lub-zaprzeczenie-ojcostwa-adwokat-ostroleka\/\">Ustalenie lub zaprzeczenie ojcostwa<\/a><\/p>\n\n\n\n<p class=\"has-text-align-center\"><a href=\"https:\/\/adwokaci-ostroleka.pl\/zastepcze-oswiadczenia-za-maloletnie-dzieci-adwokat-ostroleka\/\">Zast\u0119pcze o\u015bwiadczenia za ma\u0142oletnie dzieci<\/a><\/p>\n<\/div>\n\n\n\n<div class=\"wp-block-column is-layout-flow wp-block-column-is-layout-flow\">\n<h2 class=\"wp-block-heading has-text-align-center\">Sprawy Cywilne<\/h2>\n\n\n\n<p><\/p>\n\n\n\n<p class=\"has-text-align-center\"><br>Kancelaria prowadzi sprawy cywilne dotycz\u0105ce zar\u00f3wno os\u00f3b fizycznych, jak i przedsi\u0119biorc\u00f3w.<\/p>\n\n\n\n<p class=\"has-text-align-center\"><br>Adwokat w Ostro\u0142\u0119ce pomaga w rozwi\u0105zywaniu spor\u00f3w cywilnych oraz dochodzeniu nale\u017cnych roszcze\u0144.<\/p>\n\n\n\n<hr class=\"wp-block-separator has-css-opacity\"\/>\n\n\n\n<p><\/p>\n\n\n\n<p class=\"has-text-align-center\"><a href=\"https:\/\/adwokaci-ostroleka.pl\/wlasnosc-i-jej-ochrona-adwokat-ostroleka\/\">W\u0142asno\u015b\u0107 i jej ochrona<\/a><\/p>\n\n\n\n<p class=\"has-text-align-center\"><a href=\"https:\/\/adwokaci-ostroleka.pl\/zasiedzenie-adwokat-ostroleka\/\">Zasiedzenie<\/a><\/p>\n\n\n\n<p class=\"has-text-align-center\"><a href=\"https:\/\/adwokaci-ostroleka.pl\/zniesienie-wspolwlasnosci-adwokat-ostroleka\/\">Zniesienie wsp\u00f3\u0142w\u0142asno\u015bci<\/a><\/p>\n\n\n\n<p class=\"has-text-align-center\"><a href=\"https:\/\/adwokaci-ostroleka.pl\/podzial-majatku-w-wyniku-zniesienia-wspolwlasnosci-adwokat-ostroleka\/\">Podzia\u0142 maj\u0105tku<\/a><\/p>\n\n\n\n<p class=\"has-text-align-center\"><a href=\"https:\/\/adwokaci-ostroleka.pl\/umowy-i-dochodzenie-roszczen-adwokat-ostroleka\/\">Umowy i dochodzenie roszcze\u0144<\/a><\/p>\n\n\n\n<p class=\"has-text-align-center\"><a href=\"https:\/\/adwokaci-ostroleka.pl\/czyny-niedozwolone-i-odszkodowania-zadoscuczynienie-adwokat-ostroleka\/\">Czyny niedozwolone i odszkodowania, zado\u015b\u0107uczynienie<\/a><\/p>\n\n\n\n<p class=\"has-text-align-center\"><a href=\"https:\/\/adwokaci-ostroleka.pl\/sluzebnosci-adwokat-ostroleka\/\">S\u0142u\u017cebno\u015bci<\/a><\/p>\n\n\n\n<p class=\"has-text-align-center\"><a href=\"https:\/\/adwokaci-ostroleka.pl\/darowizna-i-jej-odwolanie-adwokat-ostroleka\/\" data-type=\"link\" data-id=\"https:\/\/adwokaci-ostroleka.pl\/darowizna-i-jej-odwolanie-adwokat-ostroleka\/\">Darowizna i jej odwo\u0142anie<\/a><\/p>\n\n\n\n<p class=\"has-text-align-center\"><a href=\"https:\/\/adwokaci-ostroleka.pl\/spadki-zachowki-dzial-spadku-adwokat-ostroleka\/\">Spadki, zachowki, dzia\u0142 spadku<\/a><\/p>\n<\/div>\n\n\n\n<div class=\"wp-block-column is-layout-flow wp-block-column-is-layout-flow\">\n<h2 class=\"wp-block-heading has-text-align-center\">Sprawy Karne<\/h2>\n\n\n\n<p class=\"has-text-align-center\"><br>Kancelaria zapewnia pomoc prawn\u0105 w sprawach karnych na ka\u017cdym etapie post\u0119powania.<\/p>\n\n\n\n<p class=\"has-text-align-center\"><br>Adwokat w Ostro\u0142\u0119ce zapewnia profesjonaln\u0105 obron\u0119 oraz wsparcie w sytuacjach wymagaj\u0105cych szybkiej reakcji.<\/p>\n\n\n\n<hr class=\"wp-block-separator has-css-opacity\"\/>\n\n\n\n<p class=\"has-text-align-center\"><a href=\"https:\/\/adwokaci-ostroleka.pl\/obrona-podejrzanego-i-oskarzonego-przed-organami-scigania-adwokat-ostroleka\/\">Obrona podejrzanego i oskar\u017conego przed organami \u015bcigania<\/a><\/p>\n\n\n\n<p class=\"has-text-align-center\"><a href=\"https:\/\/adwokaci-ostroleka.pl\/reprezentowanie-pokrzywdzonego-i-oskarzyciela-posilkowego-adwokat-ostroleka\/\">Reprezentowanie pokrzywdzonego i oskar\u017cyciela posi\u0142kowego<\/a><\/p>\n\n\n\n<p class=\"has-text-align-center\"><br><a href=\"https:\/\/adwokaci-ostroleka.pl\/reprezentacja-w-postepowaniu-przygotowawczym-sadowym-wykroczeniowym-i-wykonawczym-adwokat-ostroleka\/\">Reprezentacja w post\u0119powaniu przygotowawczym, s\u0105dowym, wykroczeniowym, wykonawczym<\/a><\/p>\n\n\n\n<p class=\"has-text-align-center\"><a href=\"https:\/\/adwokaci-ostroleka.pl\/tymczasowe-aresztowanie-adwokat-ostroleka\/\">Areszt<\/a><\/p>\n\n\n\n<p class=\"has-text-align-center\"><a href=\"https:\/\/adwokaci-ostroleka.pl\/odroczenie-wykonania-kary-adwokat-ostroleka\/\">Odroczenie wykonania kary<\/a><\/p>\n\n\n\n<p class=\"has-text-align-center\"><a href=\"https:\/\/adwokaci-ostroleka.pl\/dozor-elektroniczny-adwokat-ostroleka\/\">Doz\u00f3r elektroniczny<\/a><\/p>\n\n\n\n<p class=\"has-text-align-center\"><a href=\"https:\/\/adwokaci-ostroleka.pl\/przerwa-w-wykonaniu-kary-adwokat-ostroleka\/\">Przerwy w wykonaniu kary<\/a><\/p>\n<\/div>\n<\/div>\n\n\n\n<hr class=\"wp-block-separator has-css-opacity\"\/>\n\n\n\n<div class=\"wp-block-columns is-layout-flex wp-container-core-columns-is-layout-9d6595d7 wp-block-columns-is-layout-flex\">\n<div class=\"wp-block-column is-layout-flow wp-block-column-is-layout-flow\">\n<h2 class=\"wp-block-heading has-text-align-center\">Upad\u0142o\u015b\u0107 &amp; Restrukturyzacja<\/h2>\n\n\n\n<p class=\"has-text-align-center\"><br>Kancelaria \u015bwiadczy pomoc w sprawach zwi\u0105zanych z niewyp\u0142acalno\u015bci\u0105 oraz trudno\u015bciami finansowymi.<\/p>\n\n\n\n<p class=\"has-text-align-center\"><br>Adwokat w Ostro\u0142\u0119ce pomaga w wyborze w\u0142a\u015bciwego rozwi\u0105zania prawnego oraz przeprowadzeniu post\u0119powania.<\/p>\n\n\n\n<hr class=\"wp-block-separator has-css-opacity\"\/>\n\n\n\n<p class=\"has-text-align-center\"><a href=\"https:\/\/adwokaci-ostroleka.pl\/upadlosc-konsumencka-adwokat-ostroleka\/\">Upad\u0142o\u015b\u0107 konsumencka<\/a><\/p>\n\n\n\n<p class=\"has-text-align-center\"><a href=\"https:\/\/adwokaci-ostroleka.pl\/upadlosc-przedsiebiorcy-adwokat-ostroleka\/\">Upad\u0142o\u015b\u0107 przedsi\u0119biorcy<\/a><\/p>\n\n\n\n<p class=\"has-text-align-center\"><a href=\"https:\/\/adwokaci-ostroleka.pl\/restrukturyzacja-i-sanacja-przedsiebiorstwa-adwokat-ostroleka\/\">Restrukturyzacja i Sanacja<\/a><\/p>\n<\/div>\n\n\n\n<div class=\"wp-block-column is-layout-flow wp-block-column-is-layout-flow\">\n<h2 class=\"wp-block-heading has-text-align-center\">Podatki &amp; Sprawy Karno -Skarbowe<\/h2>\n\n\n\n<p class=\"has-text-align-center\"><br>Kancelaria \u015bwiadczy pomoc prawn\u0105 w sprawach podatkowych oraz karno-skarbowych.<\/p>\n\n\n\n<p class=\"has-text-align-center\"><br>Adwokat w Ostro\u0142\u0119ce reprezentuje klient\u00f3w w sporach z organami administracji skarbowej oraz przed s\u0105dami.<\/p>\n\n\n\n<hr class=\"wp-block-separator has-css-opacity\"\/>\n\n\n\n<p class=\"has-text-align-center\"><a href=\"https:\/\/adwokaci-ostroleka.pl\/postepowania-kontrolne-i-podatkowe-adwokat-ostroleka\/\">Post\u0119powania kontrolne i podatkowe<\/a><\/p>\n\n\n\n<p class=\"has-text-align-center\"><a href=\"https:\/\/adwokaci-ostroleka.pl\/postepowania-administracyjne-przed-sadami-administracyjnymi-adwokat-ostroleka\/\">Post\u0119powania administracyjne przed s\u0105dami administracyjnymi<\/a><\/p>\n\n\n\n<p class=\"has-text-align-center\"><a href=\"https:\/\/adwokaci-ostroleka.pl\/postepowania-karno-skarbowe-adwokat-ostroleka\/\">Post\u0119powania karno-skarbowe<\/a><\/p>\n<\/div>\n\n\n\n<div class=\"wp-block-column is-layout-flow wp-block-column-is-layout-flow\">\n<h2 class=\"wp-block-heading has-text-align-center\">Windykacja<\/h2>\n\n\n\n<p class=\"has-text-align-center\"><br>Kancelaria oferuje kompleksow\u0105 pomoc w zakresie odzyskiwania nale\u017cno\u015bci.<\/p>\n\n\n\n<p class=\"has-text-align-center\"><br>Adwokat w Ostro\u0142\u0119ce wspiera klient\u00f3w na ka\u017cdym etapie dochodzenia roszcze\u0144 \u2013 od wezwania do zap\u0142aty a\u017c po egzekucj\u0119 komornicz\u0105.<\/p>\n\n\n\n<hr class=\"wp-block-separator has-css-opacity\"\/>\n\n\n\n<p class=\"has-text-align-center\"><a href=\"https:\/\/adwokaci-ostroleka.pl\/wezwanie-do-zaplaty-adwokat-ostroleka\/\">Wezwanie do zap\u0142aty<\/a><\/p>\n\n\n\n<p class=\"has-text-align-center\"><a href=\"https:\/\/adwokaci-ostroleka.pl\/pozew-o-zaplate-adwokat-ostroleka\/\">Pozew o zap\u0142at\u0119<\/a><\/p>\n\n\n\n<p class=\"has-text-align-center\"><a href=\"https:\/\/adwokaci-ostroleka.pl\/postepowanie-sadowe-adwokat-ostroleka\/\">Post\u0119powanie s\u0105dowe<\/a><\/p>\n\n\n\n<p class=\"has-text-align-center\"><a href=\"https:\/\/adwokaci-ostroleka.pl\/egzekucja-adwokat-ostroleka\/\">Egzekucja<\/a><\/p>\n<\/div>\n<\/div>\n\n\n\n<h1 class=\"wp-block-heading has-text-align-center\"><strong>Pomoc prawna \u2013 Ostro\u0142\u0119ka i region<\/strong><\/h1>\n\n\n\n<p class=\"has-text-align-center\">Kancelaria adwokacka \u015bwiadczy pomoc prawn\u0105 dla klient\u00f3w z: \u2022 Ostro\u0142\u0119ki,\u2022 powiatu ostro\u0142\u0119ckiego,\u2022 Myszy\u0144ca,\u2022 Przasnysza,\u2022 powiatu przasnyskiego,\u2022 Makowa Mazowieckiego,\u2022 powiatu makowskiego,\u2022 R\u00f3\u017cana,\u2022 Ostrowi Mazowieckiej,\u2022 powiatu ostrowskiego,\u2022 \u0141om\u017cy,\u2022 powiatu \u0142om\u017cy\u0144skiego,\u2022 Wyszkowa,\u2022 powiatu wyszkowskiego,\u2022 Szczytna,\u2022 powiatu szczycie\u0144skiego,\u2022 Pisza,\u2022 powiatu piskiego,\u2022 Zambrowa,\u2022 powiatu zambrowskiego,\u2022 Pu\u0142tuska,\u2022 powiatu pu\u0142tuskiego.<\/p>\n\n\n\n<hr class=\"wp-block-separator has-alpha-channel-opacity\"\/>\n\n\n\n<h1 class=\"wp-block-heading has-text-align-center\"><strong>Dlaczego warto skorzysta\u0107 z pomocy adwokata w Ostro\u0142\u0119ce<\/strong><\/h1>\n\n\n\n<p class=\"has-text-align-left\">Korzystanie z pomocy profesjonalnego pe\u0142nomocnika pozwala na:<\/p>\n\n\n\n<ul class=\"wp-block-list\">\n<li>w\u0142a\u015bciwe przygotowanie sprawy<\/li>\n\n\n\n<li>skuteczne dochodzenie roszcze\u0144<\/li>\n\n\n\n<li>ochron\u0119 praw i interes\u00f3w klienta<\/li>\n\n\n\n<li>reprezentacj\u0119 przed s\u0105dami i urz\u0119dami<\/li>\n<\/ul>\n\n\n\n<p class=\"has-text-align-center\">Ka\u017cda sprawa wymaga indywidualnego podej\u015bcia oraz dok\u0142adnej analizy prawnej.<\/p>\n","protected":false},"excerpt":{"rendered":"<p>Kompleksowa pomoc prawna \u2013 adwokat Ostro\u0142\u0119ka Kancelaria adwokacka w Ostro\u0142\u0119ce \u015bwiadczy kompleksow\u0105 pomoc prawn\u0105 dla os\u00f3b fizycznych oraz przedsi\u0119biorc\u00f3w. Zakres us\u0142ug obejmuje sprawy z zakresu prawa rodzinnego, cywilnego, karnego, gospodarczego oraz administracyjnego. Adwokat w Ostro\u0142\u0119ce zapewnia wsparcie na ka\u017cdym etapie sprawy \u2013 od analizy prawnej, poprzez sporz\u0105dzanie pism procesowych, a\u017c po reprezentacj\u0119 przed s\u0105dami i [&hellip;]<\/p>\n","protected":false},"author":1,"featured_media":0,"parent":0,"menu_order":0,"comment_status":"closed","ping_status":"open","template":"home-template.php","meta":{"footnotes":""},"class_list":["post-5","page","type-page","status-publish","hentry"],"_links":{"self":[{"href":"https:\/\/adwokaci-ostroleka.pl\/wp-json\/wp\/v2\/pages\/5","targetHints":{"allow":["GET"]}}],"collection":[{"href":"https:\/\/adwokaci-ostroleka.pl\/wp-json\/wp\/v2\/pages"}],"about":[{"href":"https:\/\/adwokaci-ostroleka.pl\/wp-json\/wp\/v2\/types\/page"}],"author":[{"embeddable":true,"href":"https:\/\/adwokaci-ostroleka.pl\/wp-json\/wp\/v2\/users\/1"}],"replies":[{"embeddable":true,"href":"https:\/\/adwokaci-ostroleka.pl\/wp-json\/wp\/v2\/comments?post=5"}],"version-history":[{"count":54,"href":"https:\/\/adwokaci-ostroleka.pl\/wp-json\/wp\/v2\/pages\/5\/revisions"}],"predecessor-version":[{"id":19154,"href":"https:\/\/adwokaci-ostroleka.pl\/wp-json\/wp\/v2\/pages\/5\/revisions\/19154"}],"wp:attachment":[{"href":"https:\/\/adwokaci-ostroleka.pl\/wp-json\/wp\/v2\/media?parent=5"}],"curies":[{"name":"wp","href":"https:\/\/api.w.org\/{rel}","templated":true}]}}