{"id":65,"date":"2020-03-07T06:28:36","date_gmt":"2020-03-07T06:28:36","guid":{"rendered":"https:\/\/adwokaci-ostroleka.pl\/?page_id=65"},"modified":"2026-04-04T17:59:24","modified_gmt":"2026-04-04T17:59:24","slug":"kancelaria","status":"publish","type":"page","link":"https:\/\/adwokaci-ostroleka.pl\/kancelaria\/","title":{"rendered":"Kancelarie Adwokackie"},"content":{"rendered":"\n<hr class=\"wp-block-separator has-css-opacity\"\/>\n\n\n\n<p class=\"has-text-align-center\">Kancelarie Adwokackie <a href=\"http:\/\/www.kancelaria-ostroleka.pl\">Adw. Piotra Jarnutowskiego<\/a> oraz <a href=\"http:\/\/www.adwokatostroleka-mk.pl\">adw. Mileny Kleczkowskiej -Jarnutowskiej<\/a> dzia\u0142aj\u0105 na ostro\u0142\u0119ckim rynku od ponad 16 lat. W tym czasie obs\u0142u\u017cyli\u015bmy ju\u017c setki klient\u00f3w indywidualnych oraz \u015bwiadczymy pomoc prawn\u0105 dla oko\u0142o 40 podmiot\u00f3w gospodarczych i publicznych. Cz\u0119stokro\u0107 nasi Klienci wracaj\u0105 do nas, by rozwi\u0105za\u0107 kolejne swoje problemy.<\/p>\n\n\n\n<p class=\"has-text-align-center\">Zapewniamy indywidualne oraz staranne podej\u015bcie do zleconej sprawy. T\u0142umacz\u0105c w spos\u00f3b jasny i zrozumia\u0142y. Unikaj\u0105c sformu\u0142owa\u0144&nbsp;prawniczych. Wyja\u015bniaj\u0105c ka\u017cdy aspekt sprawy.<\/p>\n\n\n\n<p class=\"has-text-align-center\">W ramach \u015bwiadczonej pomocy zapewniamy reprezentacj\u0119 przed S\u0105dami powszechnymi i administracyjnymi, organami administracji publicznej i innymi instytucjami publicznymi a tak\u017ce podmiotami post\u0119powania przygotowawczego (Policja, Prokuratura), doradztwo prawne w kwestiach proceduralnych i materialnych. Negocjujemy oraz zawieramy porozumienia s\u0105dowe i pozas\u0105dowe. Przygotowujemy pisemne lub ustne wyst\u0105pienia s\u0105dowe.<\/p>\n\n\n\n<p class=\"has-text-align-center\">Pomoc prawna zawsze uwzgl\u0119dnia wyb\u00f3r optymalnej i najmniej kosztownej mo\u017cliwo\u015bci rozwi\u0105zania napotkanych problem\u00f3w.<\/p>\n\n\n\n<figure class=\"wp-block-image size-large\"><img loading=\"lazy\" decoding=\"async\" width=\"1024\" height=\"614\" src=\"https:\/\/adwokaci-ostroleka.pl\/wp-content\/uploads\/2020\/03\/Kancelaria-1024x614.jpg\" alt=\"\" class=\"wp-image-107\" srcset=\"https:\/\/adwokaci-ostroleka.pl\/wp-content\/uploads\/2020\/03\/Kancelaria-1024x614.jpg 1024w, https:\/\/adwokaci-ostroleka.pl\/wp-content\/uploads\/2020\/03\/Kancelaria-300x180.jpg 300w, https:\/\/adwokaci-ostroleka.pl\/wp-content\/uploads\/2020\/03\/Kancelaria-768x461.jpg 768w, https:\/\/adwokaci-ostroleka.pl\/wp-content\/uploads\/2020\/03\/Kancelaria-1536x922.jpg 1536w, https:\/\/adwokaci-ostroleka.pl\/wp-content\/uploads\/2020\/03\/Kancelaria.jpg 2000w\" sizes=\"auto, (max-width: 1024px) 100vw, 1024px\" \/><\/figure>\n","protected":false},"excerpt":{"rendered":"<p>Kancelarie Adwokackie Adw. Piotra Jarnutowskiego oraz adw. Mileny Kleczkowskiej -Jarnutowskiej dzia\u0142aj\u0105 na ostro\u0142\u0119ckim rynku od ponad 16 lat. W tym czasie obs\u0142u\u017cyli\u015bmy ju\u017c setki klient\u00f3w indywidualnych oraz \u015bwiadczymy pomoc prawn\u0105 dla oko\u0142o 40 podmiot\u00f3w gospodarczych i publicznych. Cz\u0119stokro\u0107 nasi Klienci wracaj\u0105 do nas, by rozwi\u0105za\u0107 kolejne swoje problemy. Zapewniamy indywidualne oraz staranne podej\u015bcie do zleconej [&hellip;]<\/p>\n","protected":false},"author":1,"featured_media":0,"parent":0,"menu_order":0,"comment_status":"closed","ping_status":"open","template":"","meta":{"footnotes":""},"class_list":["post-65","page","type-page","status-publish","hentry"],"_links":{"self":[{"href":"https:\/\/adwokaci-ostroleka.pl\/wp-json\/wp\/v2\/pages\/65","targetHints":{"allow":["GET"]}}],"collection":[{"href":"https:\/\/adwokaci-ostroleka.pl\/wp-json\/wp\/v2\/pages"}],"about":[{"href":"https:\/\/adwokaci-ostroleka.pl\/wp-json\/wp\/v2\/types\/page"}],"author":[{"embeddable":true,"href":"https:\/\/adwokaci-ostroleka.pl\/wp-json\/wp\/v2\/users\/1"}],"replies":[{"embeddable":true,"href":"https:\/\/adwokaci-ostroleka.pl\/wp-json\/wp\/v2\/comments?post=65"}],"version-history":[{"count":10,"href":"https:\/\/adwokaci-ostroleka.pl\/wp-json\/wp\/v2\/pages\/65\/revisions"}],"predecessor-version":[{"id":19231,"href":"https:\/\/adwokaci-ostroleka.pl\/wp-json\/wp\/v2\/pages\/65\/revisions\/19231"}],"wp:attachment":[{"href":"https:\/\/adwokaci-ostroleka.pl\/wp-json\/wp\/v2\/media?parent=65"}],"curies":[{"name":"wp","href":"https:\/\/api.w.org\/{rel}","templated":true}]}}